{"id":1574,"date":"2025-02-18T16:56:54","date_gmt":"2025-02-18T19:56:54","guid":{"rendered":"https:\/\/institutosarasa.org\/what-we-do\/"},"modified":"2025-12-09T13:49:28","modified_gmt":"2025-12-09T16:49:28","slug":"what-we-do","status":"publish","type":"page","link":"https:\/\/institutosarasa.org\/en\/what-we-do\/","title":{"rendered":"What We Do"},"content":{"rendered":"<div class=\"wpb-content-wrapper\"><p>[vc_row full_width=&#8221;stretch_row_content_no_spaces&#8221; row_title=&#8221;faixa colorida&#8221; min_height=&#8221;16&#8243;][vc_column width=&#8221;1\/6&#8243; css=&#8221;.vc_custom_1742342278219{padding-top: 16px !important;background-color: #BF3641 !important;}&#8221; offset=&#8221;vc_col-xs-2&#8243;][\/vc_column][vc_column width=&#8221;1\/6&#8243; css=&#8221;.vc_custom_1742342283643{padding-top: 16px !important;background-color: #A6A04B !important;}&#8221; offset=&#8221;vc_col-xs-2&#8243;][\/vc_column][vc_column width=&#8221;1\/6&#8243; css=&#8221;.vc_custom_1742342289077{padding-top: 16px !important;background-color: #F28D35 !important;}&#8221; offset=&#8221;vc_col-xs-2&#8243;][\/vc_column][vc_column width=&#8221;1\/6&#8243; css=&#8221;.vc_custom_1742342297654{padding-top: 16px !important;background-color: #BF5A1F !important;}&#8221; offset=&#8221;vc_col-xs-2&#8243;][\/vc_column][vc_column width=&#8221;1\/6&#8243; css=&#8221;.vc_custom_1742342302407{padding-top: 16px !important;background-color: #590202 !important;}&#8221; offset=&#8221;vc_col-xs-2&#8243;][\/vc_column][vc_column width=&#8221;1\/6&#8243; css=&#8221;.vc_custom_1742342307029{padding-top: 16px !important;background-color: #821A1C !important;}&#8221; offset=&#8221;vc_col-xs-2&#8243;][\/vc_column][\/vc_row][vc_row][vc_column width=&#8221;1\/4&#8243;][\/vc_column][vc_column width=&#8221;3\/4&#8243;][vc_empty_space][vc_column_text css=&#8221;&#8221;]<\/p>\n<h2><span style=\"color: #a6a04b;\">\u201cThe general public, the faithful, traditional communities, people living in the surroundings of a cultural asset or on its periphery need to be integrated, heard, to give voice to the precepts of conservation, and to monitor the actions of the protection agencies.\u201d<\/span><\/h2>\n<p style=\"text-align: right;\">Fl\u00e1via Sutelo,<br \/>\n<small>member of the Deliberative Council of Instituto Saras\u00e1 and Creative Director, Cultural Projects and Zeladoria at Est\u00fadio Saras\u00e1<\/small><\/p>\n<p>[\/vc_column_text][vc_empty_space el_id=&#8221;zeladoria&#8221;][\/vc_column][\/vc_row][vc_row][vc_column width=&#8221;1\/4&#8243;][vc_column_text css=&#8221;&#8221;]<\/p>\n<h2><span style=\"color: #bf5a1f;\">Zeladoria Saras\u00e1<\/span><\/h2>\n<p>[\/vc_column_text][\/vc_column][vc_column width=&#8221;3\/4&#8243;][vc_column_text css=&#8221;&#8221;]<\/p>\n<h2><span style=\"color: #a6a04b;\">The Zeladoria do Patrim\u00f4nio Cultural, our methodology for preserving ways of life and cultures, materializes in the practices of Instituto Saras\u00e1.<\/span><\/h2>\n<p>[\/vc_column_text][vc_column_text css=&#8221;&#8221;]The Institute is a voice that echoes, reverberating the collective of cultural heritage, and weaving networks for its valorization. Thus, in human diversity and the plurality of heritage, participation, involvement, and love are foundational to the actions we name as the Zeladoria do Patrim\u00f4nio Cultural Saras\u00e1.<\/p>\n<p>The Zeladoria Saras\u00e1 is a methodology, a way of acting, of seeing cultures and heritage. Zeladoria Saras\u00e1 is a methodology, a way of acting, of looking at cultures and heritage. It is the sap that unites beings and that flows through conservation, restoration, and maintaining processes of care (zelo) and significance.<\/p>\n<p>The Instituto Saras\u00e1 is nourished by the Est\u00fadio and proposes practices of Zeladoria Cultural, in meetings, projects, workshops, exhibitions and productions with sociocultural, environmental, political, and pedagogical purposes.<\/p>\n<p>The Zeladoria seeks the restoration of the human dimension within the field of cultural and historic heritage, with the sensitivity to perceive the built environment and to act alongside it, with the intention of perpetuating it.<\/p>\n<p>We work from a living perspective, in search of traditional solutions, minimizing and even nullifying the agents that degrade the environment, the collections, the memory.<\/p>\n<p>Originally, when the Zeladoria do Patrim\u00f4nio Cultural was conceived, at the opening of the 2000s, its method of work was founded on three pillars \u2013 knowledge, belonging, and empowerment. This practice, already widespread within preservation policies throughout the country, with emphasis on civil society participation, is presently moving toward refinements.[\/vc_column_text][\/vc_column][\/vc_row][vc_row full_width=&#8221;stretch_row_content_no_spaces&#8221; content_placement=&#8221;bottom&#8221; parallax=&#8221;content-moving&#8221; parallax_image=&#8221;766&#8243; row_title=&#8221;img zeladoria&#8221;][vc_column][vc_empty_space height=&#8221;400px&#8221;][\/vc_column][\/vc_row][vc_row][vc_column width=&#8221;1\/4&#8243;][vc_column_text css=&#8221;&#8221;]<\/p>\n<h2><span style=\"color: #bf5a1f;\">Themes of Action<\/span><\/h2>\n<p>[\/vc_column_text][\/vc_column][vc_column width=&#8221;3\/4&#8243;][vc_column_text css=&#8221;&#8221;]<\/p>\n<h2><span style=\"color: #a6a04b;\">Instituto Saras\u00e1 operates in all Brazilian states, supporting the projects of Est\u00fadio Saras\u00e1 when needed.<\/span><\/h2>\n<p>[\/vc_column_text][vc_column_text css=&#8221;&#8221;]Among our themes related to cultural heritage are society; the cultures that compose it; territories and territorialities; the preservation of natural heritage with protection of the environment and ecological relations; traditional knowledge and crafts; arts and trades; and the ways of living that worship or erase memories.[\/vc_column_text][\/vc_column][\/vc_row]<\/p>\n<\/div>","protected":false},"excerpt":{"rendered":"<p>[vc_row full_width=&#8221;stretch_row_content_no_spaces&#8221; row_title=&#8221;faixa colorida&#8221; min_height=&#8221;16&#8243;][vc_column width=&#8221;1\/6&#8243; css=&#8221;.vc_custom_1742342278219{padding-top: 16px !important;background-color: #BF3641 !important;}&#8221; offset=&#8221;vc_col-xs-2&#8243;][\/vc_column][vc_column width=&#8221;1\/6&#8243; css=&#8221;.vc_custom_1742342283643{padding-top: 16px !important;background-color: #A6A04B !important;}&#8221; offset=&#8221;vc_col-xs-2&#8243;][\/vc_column][vc_column width=&#8221;1\/6&#8243; css=&#8221;.vc_custom_1742342289077{padding-top: 16px !important;background-color: #F28D35 !important;}&#8221; offset=&#8221;vc_col-xs-2&#8243;][\/vc_column][vc_column width=&#8221;1\/6&#8243; css=&#8221;.vc_custom_1742342297654{padding-top: 16px !important;background-color: #BF5A1F !important;}&#8221; offset=&#8221;vc_col-xs-2&#8243;][\/vc_column][vc_column width=&#8221;1\/6&#8243; css=&#8221;.vc_custom_1742342302407{padding-top: 16px !important;background-color: #590202 !important;}&#8221; offset=&#8221;vc_col-xs-2&#8243;][\/vc_column][vc_column width=&#8221;1\/6&#8243; css=&#8221;.vc_custom_1742342307029{padding-top: 16px !important;background-color: #821A1C !important;}&#8221; offset=&#8221;vc_col-xs-2&#8243;][\/vc_column][\/vc_row][vc_row][vc_column width=&#8221;1\/4&#8243;][\/vc_column][vc_column width=&#8221;3\/4&#8243;][vc_empty_space][vc_column_text css=&#8221;&#8221;] \u201cThe general public, the faithful,&hellip;<\/p>\n","protected":false},"author":1,"featured_media":0,"parent":0,"menu_order":0,"comment_status":"closed","ping_status":"closed","template":"","meta":{"_acf_changed":false,"footnotes":""},"class_list":["post-1574","page","type-page","status-publish","hentry","description-off"],"acf":[],"yoast_head":"<!-- This site is optimized with the Yoast SEO plugin v27.5 - https:\/\/yoast.com\/product\/yoast-seo-wordpress\/ -->\n<title>What We Do - Insitituto Saras\u00e1<\/title>\n<meta name=\"robots\" content=\"index, follow, max-snippet:-1, max-image-preview:large, max-video-preview:-1\" \/>\n<link rel=\"canonical\" href=\"https:\/\/institutosarasa.org\/en\/what-we-do\/\" \/>\n<meta property=\"og:locale\" content=\"en_US\" \/>\n<meta property=\"og:type\" content=\"article\" \/>\n<meta property=\"og:title\" content=\"What We Do - Insitituto Saras\u00e1\" \/>\n<meta property=\"og:description\" content=\"[vc_row full_width=&#8221;stretch_row_content_no_spaces&#8221; row_title=&#8221;faixa colorida&#8221; min_height=&#8221;16&#8243;][vc_column width=&#8221;1\/6&#8243; css=&#8221;.vc_custom_1742342278219{padding-top: 16px !important;background-color: #BF3641 !important;}&#8221; offset=&#8221;vc_col-xs-2&#8243;][\/vc_column][vc_column width=&#8221;1\/6&#8243; css=&#8221;.vc_custom_1742342283643{padding-top: 16px !important;background-color: #A6A04B !important;}&#8221; offset=&#8221;vc_col-xs-2&#8243;][\/vc_column][vc_column width=&#8221;1\/6&#8243; css=&#8221;.vc_custom_1742342289077{padding-top: 16px !important;background-color: #F28D35 !important;}&#8221; offset=&#8221;vc_col-xs-2&#8243;][\/vc_column][vc_column width=&#8221;1\/6&#8243; css=&#8221;.vc_custom_1742342297654{padding-top: 16px !important;background-color: #BF5A1F !important;}&#8221; offset=&#8221;vc_col-xs-2&#8243;][\/vc_column][vc_column width=&#8221;1\/6&#8243; css=&#8221;.vc_custom_1742342302407{padding-top: 16px !important;background-color: #590202 !important;}&#8221; offset=&#8221;vc_col-xs-2&#8243;][\/vc_column][vc_column width=&#8221;1\/6&#8243; css=&#8221;.vc_custom_1742342307029{padding-top: 16px !important;background-color: #821A1C !important;}&#8221; offset=&#8221;vc_col-xs-2&#8243;][\/vc_column][\/vc_row][vc_row][vc_column width=&#8221;1\/4&#8243;][\/vc_column][vc_column width=&#8221;3\/4&#8243;][vc_empty_space][vc_column_text css=&#8221;&#8221;] \u201cThe general public, the faithful,&hellip;\" \/>\n<meta property=\"og:url\" content=\"https:\/\/institutosarasa.org\/en\/what-we-do\/\" \/>\n<meta property=\"og:site_name\" content=\"Insitituto Saras\u00e1\" \/>\n<meta property=\"article:modified_time\" content=\"2025-12-09T16:49:28+00:00\" \/>\n<meta name=\"twitter:card\" content=\"summary_large_image\" \/>\n<meta name=\"twitter:label1\" content=\"Est. reading time\" \/>\n\t<meta name=\"twitter:data1\" content=\"4 minutes\" \/>\n<script type=\"application\/ld+json\" class=\"yoast-schema-graph\">{\"@context\":\"https:\\\/\\\/schema.org\",\"@graph\":[{\"@type\":\"WebPage\",\"@id\":\"https:\\\/\\\/institutosarasa.org\\\/en\\\/what-we-do\\\/\",\"url\":\"https:\\\/\\\/institutosarasa.org\\\/en\\\/what-we-do\\\/\",\"name\":\"What We Do - Insitituto Saras\u00e1\",\"isPartOf\":{\"@id\":\"https:\\\/\\\/institutosarasa.org\\\/#website\"},\"datePublished\":\"2025-02-18T19:56:54+00:00\",\"dateModified\":\"2025-12-09T16:49:28+00:00\",\"breadcrumb\":{\"@id\":\"https:\\\/\\\/institutosarasa.org\\\/en\\\/what-we-do\\\/#breadcrumb\"},\"inLanguage\":\"en-US\",\"potentialAction\":[{\"@type\":\"ReadAction\",\"target\":[\"https:\\\/\\\/institutosarasa.org\\\/en\\\/what-we-do\\\/\"]}]},{\"@type\":\"BreadcrumbList\",\"@id\":\"https:\\\/\\\/institutosarasa.org\\\/en\\\/what-we-do\\\/#breadcrumb\",\"itemListElement\":[{\"@type\":\"ListItem\",\"position\":1,\"name\":\"In\u00edcio\",\"item\":\"https:\\\/\\\/institutosarasa.org\\\/en\\\/\"},{\"@type\":\"ListItem\",\"position\":2,\"name\":\"What We Do\"}]},{\"@type\":\"WebSite\",\"@id\":\"https:\\\/\\\/institutosarasa.org\\\/#website\",\"url\":\"https:\\\/\\\/institutosarasa.org\\\/\",\"name\":\"Insitituto Saras\u00e1\",\"description\":\"\",\"publisher\":{\"@id\":\"https:\\\/\\\/institutosarasa.org\\\/#organization\"},\"potentialAction\":[{\"@type\":\"SearchAction\",\"target\":{\"@type\":\"EntryPoint\",\"urlTemplate\":\"https:\\\/\\\/institutosarasa.org\\\/?s={search_term_string}\"},\"query-input\":{\"@type\":\"PropertyValueSpecification\",\"valueRequired\":true,\"valueName\":\"search_term_string\"}}],\"inLanguage\":\"en-US\"},{\"@type\":\"Organization\",\"@id\":\"https:\\\/\\\/institutosarasa.org\\\/#organization\",\"name\":\"Insitituto Saras\u00e1\",\"url\":\"https:\\\/\\\/institutosarasa.org\\\/\",\"logo\":{\"@type\":\"ImageObject\",\"inLanguage\":\"en-US\",\"@id\":\"https:\\\/\\\/institutosarasa.org\\\/#\\\/schema\\\/logo\\\/image\\\/\",\"url\":\"https:\\\/\\\/institutosarasa.org\\\/wp-content\\\/uploads\\\/2025\\\/07\\\/Logo-Sarasa-Vinho-SQ-512.png\",\"contentUrl\":\"https:\\\/\\\/institutosarasa.org\\\/wp-content\\\/uploads\\\/2025\\\/07\\\/Logo-Sarasa-Vinho-SQ-512.png\",\"width\":512,\"height\":512,\"caption\":\"Insitituto Saras\u00e1\"},\"image\":{\"@id\":\"https:\\\/\\\/institutosarasa.org\\\/#\\\/schema\\\/logo\\\/image\\\/\"},\"sameAs\":[\"https:\\\/\\\/www.instagram.com\\\/institutosarasa\\\/\",\"https:\\\/\\\/www.linkedin.com\\\/company\\\/instituto-saras\"]}]}<\/script>\n<!-- \/ Yoast SEO plugin. -->","yoast_head_json":{"title":"What We Do - Insitituto Saras\u00e1","robots":{"index":"index","follow":"follow","max-snippet":"max-snippet:-1","max-image-preview":"max-image-preview:large","max-video-preview":"max-video-preview:-1"},"canonical":"https:\/\/institutosarasa.org\/en\/what-we-do\/","og_locale":"en_US","og_type":"article","og_title":"What We Do - Insitituto Saras\u00e1","og_description":"[vc_row full_width=&#8221;stretch_row_content_no_spaces&#8221; row_title=&#8221;faixa colorida&#8221; min_height=&#8221;16&#8243;][vc_column width=&#8221;1\/6&#8243; css=&#8221;.vc_custom_1742342278219{padding-top: 16px !important;background-color: #BF3641 !important;}&#8221; offset=&#8221;vc_col-xs-2&#8243;][\/vc_column][vc_column width=&#8221;1\/6&#8243; css=&#8221;.vc_custom_1742342283643{padding-top: 16px !important;background-color: #A6A04B !important;}&#8221; offset=&#8221;vc_col-xs-2&#8243;][\/vc_column][vc_column width=&#8221;1\/6&#8243; css=&#8221;.vc_custom_1742342289077{padding-top: 16px !important;background-color: #F28D35 !important;}&#8221; offset=&#8221;vc_col-xs-2&#8243;][\/vc_column][vc_column width=&#8221;1\/6&#8243; css=&#8221;.vc_custom_1742342297654{padding-top: 16px !important;background-color: #BF5A1F !important;}&#8221; offset=&#8221;vc_col-xs-2&#8243;][\/vc_column][vc_column width=&#8221;1\/6&#8243; css=&#8221;.vc_custom_1742342302407{padding-top: 16px !important;background-color: #590202 !important;}&#8221; offset=&#8221;vc_col-xs-2&#8243;][\/vc_column][vc_column width=&#8221;1\/6&#8243; css=&#8221;.vc_custom_1742342307029{padding-top: 16px !important;background-color: #821A1C !important;}&#8221; offset=&#8221;vc_col-xs-2&#8243;][\/vc_column][\/vc_row][vc_row][vc_column width=&#8221;1\/4&#8243;][\/vc_column][vc_column width=&#8221;3\/4&#8243;][vc_empty_space][vc_column_text css=&#8221;&#8221;] \u201cThe general public, the faithful,&hellip;","og_url":"https:\/\/institutosarasa.org\/en\/what-we-do\/","og_site_name":"Insitituto Saras\u00e1","article_modified_time":"2025-12-09T16:49:28+00:00","twitter_card":"summary_large_image","twitter_misc":{"Est. reading time":"4 minutes"},"schema":{"@context":"https:\/\/schema.org","@graph":[{"@type":"WebPage","@id":"https:\/\/institutosarasa.org\/en\/what-we-do\/","url":"https:\/\/institutosarasa.org\/en\/what-we-do\/","name":"What We Do - Insitituto Saras\u00e1","isPartOf":{"@id":"https:\/\/institutosarasa.org\/#website"},"datePublished":"2025-02-18T19:56:54+00:00","dateModified":"2025-12-09T16:49:28+00:00","breadcrumb":{"@id":"https:\/\/institutosarasa.org\/en\/what-we-do\/#breadcrumb"},"inLanguage":"en-US","potentialAction":[{"@type":"ReadAction","target":["https:\/\/institutosarasa.org\/en\/what-we-do\/"]}]},{"@type":"BreadcrumbList","@id":"https:\/\/institutosarasa.org\/en\/what-we-do\/#breadcrumb","itemListElement":[{"@type":"ListItem","position":1,"name":"In\u00edcio","item":"https:\/\/institutosarasa.org\/en\/"},{"@type":"ListItem","position":2,"name":"What We Do"}]},{"@type":"WebSite","@id":"https:\/\/institutosarasa.org\/#website","url":"https:\/\/institutosarasa.org\/","name":"Insitituto Saras\u00e1","description":"","publisher":{"@id":"https:\/\/institutosarasa.org\/#organization"},"potentialAction":[{"@type":"SearchAction","target":{"@type":"EntryPoint","urlTemplate":"https:\/\/institutosarasa.org\/?s={search_term_string}"},"query-input":{"@type":"PropertyValueSpecification","valueRequired":true,"valueName":"search_term_string"}}],"inLanguage":"en-US"},{"@type":"Organization","@id":"https:\/\/institutosarasa.org\/#organization","name":"Insitituto Saras\u00e1","url":"https:\/\/institutosarasa.org\/","logo":{"@type":"ImageObject","inLanguage":"en-US","@id":"https:\/\/institutosarasa.org\/#\/schema\/logo\/image\/","url":"https:\/\/institutosarasa.org\/wp-content\/uploads\/2025\/07\/Logo-Sarasa-Vinho-SQ-512.png","contentUrl":"https:\/\/institutosarasa.org\/wp-content\/uploads\/2025\/07\/Logo-Sarasa-Vinho-SQ-512.png","width":512,"height":512,"caption":"Insitituto Saras\u00e1"},"image":{"@id":"https:\/\/institutosarasa.org\/#\/schema\/logo\/image\/"},"sameAs":["https:\/\/www.instagram.com\/institutosarasa\/","https:\/\/www.linkedin.com\/company\/instituto-saras"]}]}},"publishpress_future_workflow_manual_trigger":{"enabledWorkflows":[]},"_links":{"self":[{"href":"https:\/\/institutosarasa.org\/en\/wp-json\/wp\/v2\/pages\/1574","targetHints":{"allow":["GET"]}}],"collection":[{"href":"https:\/\/institutosarasa.org\/en\/wp-json\/wp\/v2\/pages"}],"about":[{"href":"https:\/\/institutosarasa.org\/en\/wp-json\/wp\/v2\/types\/page"}],"author":[{"embeddable":true,"href":"https:\/\/institutosarasa.org\/en\/wp-json\/wp\/v2\/users\/1"}],"replies":[{"embeddable":true,"href":"https:\/\/institutosarasa.org\/en\/wp-json\/wp\/v2\/comments?post=1574"}],"version-history":[{"count":6,"href":"https:\/\/institutosarasa.org\/en\/wp-json\/wp\/v2\/pages\/1574\/revisions"}],"predecessor-version":[{"id":1902,"href":"https:\/\/institutosarasa.org\/en\/wp-json\/wp\/v2\/pages\/1574\/revisions\/1902"}],"wp:attachment":[{"href":"https:\/\/institutosarasa.org\/en\/wp-json\/wp\/v2\/media?parent=1574"}],"curies":[{"name":"wp","href":"https:\/\/api.w.org\/{rel}","templated":true}]}}