{"id":1612,"date":"2025-02-20T10:48:06","date_gmt":"2025-02-20T13:48:06","guid":{"rendered":"https:\/\/institutosarasa.org\/where-we-act\/"},"modified":"2025-10-14T15:21:44","modified_gmt":"2025-10-14T18:21:44","slug":"where-we-act","status":"publish","type":"page","link":"https:\/\/institutosarasa.org\/en\/where-we-act\/","title":{"rendered":"Where we act"},"content":{"rendered":"<div class=\"wpb-content-wrapper\"><p>[vc_row full_width=&#8221;stretch_row_content_no_spaces&#8221; row_title=&#8221;faixa colorida&#8221; min_height=&#8221;16&#8243;][vc_column width=&#8221;1\/6&#8243; css=&#8221;.vc_custom_1742342278219{padding-top: 16px !important;background-color: #BF3641 !important;}&#8221; offset=&#8221;vc_col-xs-2&#8243;][\/vc_column][vc_column width=&#8221;1\/6&#8243; css=&#8221;.vc_custom_1742342283643{padding-top: 16px !important;background-color: #A6A04B !important;}&#8221; offset=&#8221;vc_col-xs-2&#8243;][\/vc_column][vc_column width=&#8221;1\/6&#8243; css=&#8221;.vc_custom_1742342289077{padding-top: 16px !important;background-color: #F28D35 !important;}&#8221; offset=&#8221;vc_col-xs-2&#8243;][\/vc_column][vc_column width=&#8221;1\/6&#8243; css=&#8221;.vc_custom_1742342297654{padding-top: 16px !important;background-color: #BF5A1F !important;}&#8221; offset=&#8221;vc_col-xs-2&#8243;][\/vc_column][vc_column width=&#8221;1\/6&#8243; css=&#8221;.vc_custom_1742342302407{padding-top: 16px !important;background-color: #590202 !important;}&#8221; offset=&#8221;vc_col-xs-2&#8243;][\/vc_column][vc_column width=&#8221;1\/6&#8243; css=&#8221;.vc_custom_1742342307029{padding-top: 16px !important;background-color: #821A1C !important;}&#8221; offset=&#8221;vc_col-xs-2&#8243;][\/vc_column][\/vc_row][vc_row][vc_column width=&#8221;1\/4&#8243;][\/vc_column][vc_column width=&#8221;3\/4&#8243;][vc_empty_space][vc_column_text css=&#8221;&#8221;]<\/p>\n<h2><span style=\"color: #a6a04b;\">Our scope also embraces the preservation of natural heritage, with protection of the environment and ecological relationships. We work in a diversity of Brazilian biomes: in the Atlantic Forest along the coast from the Southeast to the South; in the Northeast, from the Atlantic Forest to the Caatinga. In the Pantanal in southern Mato Grosso do Sul; in the Amazon Forest in Mato Grosso, in its transition with the Cerrado; and in the Xingu region. <\/span><\/h2>\n<p>[\/vc_column_text][vc_empty_space el_id=&#8221;zeladoria&#8221;][\/vc_column][\/vc_row][vc_row][vc_column width=&#8221;1\/4&#8243;][vc_column_text css=&#8221;&#8221;]<\/p>\n<h2><span style=\"color: #bf5a1f;\">operational map<\/span><\/h2>\n<p>[\/vc_column_text][\/vc_column][vc_column width=&#8221;3\/4&#8243;][vc_column_text css=&#8221;&#8221;]The Saras\u00e1 Institute operates in all Brazilian states, supporting and inspiring Est\u00fadio Saras\u00e1&#8217;s projects when necessary.[\/vc_column_text][vc_single_image image=&#8221;740&#8243; img_size=&#8221;645&#215;661&#8243; alignment=&#8221;center&#8221; onclick=&#8221;link_image&#8221; css=&#8221;&#8221;][\/vc_column][\/vc_row]<\/p>\n<\/div>","protected":false},"excerpt":{"rendered":"<p>[vc_row full_width=&#8221;stretch_row_content_no_spaces&#8221; row_title=&#8221;faixa colorida&#8221; min_height=&#8221;16&#8243;][vc_column width=&#8221;1\/6&#8243; css=&#8221;.vc_custom_1742342278219{padding-top: 16px !important;background-color: #BF3641 !important;}&#8221; offset=&#8221;vc_col-xs-2&#8243;][\/vc_column][vc_column width=&#8221;1\/6&#8243; css=&#8221;.vc_custom_1742342283643{padding-top: 16px !important;background-color: #A6A04B !important;}&#8221; offset=&#8221;vc_col-xs-2&#8243;][\/vc_column][vc_column width=&#8221;1\/6&#8243; css=&#8221;.vc_custom_1742342289077{padding-top: 16px !important;background-color: #F28D35 !important;}&#8221; offset=&#8221;vc_col-xs-2&#8243;][\/vc_column][vc_column width=&#8221;1\/6&#8243; css=&#8221;.vc_custom_1742342297654{padding-top: 16px !important;background-color: #BF5A1F !important;}&#8221; offset=&#8221;vc_col-xs-2&#8243;][\/vc_column][vc_column width=&#8221;1\/6&#8243; css=&#8221;.vc_custom_1742342302407{padding-top: 16px !important;background-color: #590202 !important;}&#8221; offset=&#8221;vc_col-xs-2&#8243;][\/vc_column][vc_column width=&#8221;1\/6&#8243; css=&#8221;.vc_custom_1742342307029{padding-top: 16px !important;background-color: #821A1C !important;}&#8221; offset=&#8221;vc_col-xs-2&#8243;][\/vc_column][\/vc_row][vc_row][vc_column width=&#8221;1\/4&#8243;][\/vc_column][vc_column width=&#8221;3\/4&#8243;][vc_empty_space][vc_column_text css=&#8221;&#8221;] Our scope also embraces the&hellip;<\/p>\n","protected":false},"author":1,"featured_media":0,"parent":0,"menu_order":0,"comment_status":"closed","ping_status":"closed","template":"","meta":{"_acf_changed":false,"footnotes":""},"class_list":["post-1612","page","type-page","status-publish","hentry","description-off"],"acf":[],"yoast_head":"<!-- This site is optimized with the Yoast SEO plugin v27.5 - https:\/\/yoast.com\/product\/yoast-seo-wordpress\/ -->\n<title>Where we act - Insitituto Saras\u00e1<\/title>\n<meta name=\"robots\" content=\"index, follow, max-snippet:-1, max-image-preview:large, max-video-preview:-1\" \/>\n<link rel=\"canonical\" href=\"https:\/\/institutosarasa.org\/en\/where-we-act\/\" \/>\n<meta property=\"og:locale\" content=\"en_US\" \/>\n<meta property=\"og:type\" content=\"article\" \/>\n<meta property=\"og:title\" content=\"Where we act - Insitituto Saras\u00e1\" \/>\n<meta property=\"og:description\" content=\"[vc_row full_width=&#8221;stretch_row_content_no_spaces&#8221; row_title=&#8221;faixa colorida&#8221; min_height=&#8221;16&#8243;][vc_column width=&#8221;1\/6&#8243; css=&#8221;.vc_custom_1742342278219{padding-top: 16px !important;background-color: #BF3641 !important;}&#8221; offset=&#8221;vc_col-xs-2&#8243;][\/vc_column][vc_column width=&#8221;1\/6&#8243; css=&#8221;.vc_custom_1742342283643{padding-top: 16px !important;background-color: #A6A04B !important;}&#8221; offset=&#8221;vc_col-xs-2&#8243;][\/vc_column][vc_column width=&#8221;1\/6&#8243; css=&#8221;.vc_custom_1742342289077{padding-top: 16px !important;background-color: #F28D35 !important;}&#8221; offset=&#8221;vc_col-xs-2&#8243;][\/vc_column][vc_column width=&#8221;1\/6&#8243; css=&#8221;.vc_custom_1742342297654{padding-top: 16px !important;background-color: #BF5A1F !important;}&#8221; offset=&#8221;vc_col-xs-2&#8243;][\/vc_column][vc_column width=&#8221;1\/6&#8243; css=&#8221;.vc_custom_1742342302407{padding-top: 16px !important;background-color: #590202 !important;}&#8221; offset=&#8221;vc_col-xs-2&#8243;][\/vc_column][vc_column width=&#8221;1\/6&#8243; css=&#8221;.vc_custom_1742342307029{padding-top: 16px !important;background-color: #821A1C !important;}&#8221; offset=&#8221;vc_col-xs-2&#8243;][\/vc_column][\/vc_row][vc_row][vc_column width=&#8221;1\/4&#8243;][\/vc_column][vc_column width=&#8221;3\/4&#8243;][vc_empty_space][vc_column_text css=&#8221;&#8221;] Our scope also embraces the&hellip;\" \/>\n<meta property=\"og:url\" content=\"https:\/\/institutosarasa.org\/en\/where-we-act\/\" \/>\n<meta property=\"og:site_name\" content=\"Insitituto Saras\u00e1\" \/>\n<meta property=\"article:modified_time\" content=\"2025-10-14T18:21:44+00:00\" \/>\n<meta name=\"twitter:card\" content=\"summary_large_image\" \/>\n<meta name=\"twitter:label1\" content=\"Est. reading time\" \/>\n\t<meta name=\"twitter:data1\" content=\"2 minutes\" \/>\n<script type=\"application\/ld+json\" class=\"yoast-schema-graph\">{\"@context\":\"https:\\\/\\\/schema.org\",\"@graph\":[{\"@type\":\"WebPage\",\"@id\":\"https:\\\/\\\/institutosarasa.org\\\/en\\\/where-we-act\\\/\",\"url\":\"https:\\\/\\\/institutosarasa.org\\\/en\\\/where-we-act\\\/\",\"name\":\"Where we act - Insitituto Saras\u00e1\",\"isPartOf\":{\"@id\":\"https:\\\/\\\/institutosarasa.org\\\/#website\"},\"datePublished\":\"2025-02-20T13:48:06+00:00\",\"dateModified\":\"2025-10-14T18:21:44+00:00\",\"breadcrumb\":{\"@id\":\"https:\\\/\\\/institutosarasa.org\\\/en\\\/where-we-act\\\/#breadcrumb\"},\"inLanguage\":\"en-US\",\"potentialAction\":[{\"@type\":\"ReadAction\",\"target\":[\"https:\\\/\\\/institutosarasa.org\\\/en\\\/where-we-act\\\/\"]}]},{\"@type\":\"BreadcrumbList\",\"@id\":\"https:\\\/\\\/institutosarasa.org\\\/en\\\/where-we-act\\\/#breadcrumb\",\"itemListElement\":[{\"@type\":\"ListItem\",\"position\":1,\"name\":\"In\u00edcio\",\"item\":\"https:\\\/\\\/institutosarasa.org\\\/en\\\/\"},{\"@type\":\"ListItem\",\"position\":2,\"name\":\"Where we act\"}]},{\"@type\":\"WebSite\",\"@id\":\"https:\\\/\\\/institutosarasa.org\\\/#website\",\"url\":\"https:\\\/\\\/institutosarasa.org\\\/\",\"name\":\"Insitituto Saras\u00e1\",\"description\":\"\",\"publisher\":{\"@id\":\"https:\\\/\\\/institutosarasa.org\\\/#organization\"},\"potentialAction\":[{\"@type\":\"SearchAction\",\"target\":{\"@type\":\"EntryPoint\",\"urlTemplate\":\"https:\\\/\\\/institutosarasa.org\\\/?s={search_term_string}\"},\"query-input\":{\"@type\":\"PropertyValueSpecification\",\"valueRequired\":true,\"valueName\":\"search_term_string\"}}],\"inLanguage\":\"en-US\"},{\"@type\":\"Organization\",\"@id\":\"https:\\\/\\\/institutosarasa.org\\\/#organization\",\"name\":\"Insitituto Saras\u00e1\",\"url\":\"https:\\\/\\\/institutosarasa.org\\\/\",\"logo\":{\"@type\":\"ImageObject\",\"inLanguage\":\"en-US\",\"@id\":\"https:\\\/\\\/institutosarasa.org\\\/#\\\/schema\\\/logo\\\/image\\\/\",\"url\":\"https:\\\/\\\/institutosarasa.org\\\/wp-content\\\/uploads\\\/2025\\\/07\\\/Logo-Sarasa-Vinho-SQ-512.png\",\"contentUrl\":\"https:\\\/\\\/institutosarasa.org\\\/wp-content\\\/uploads\\\/2025\\\/07\\\/Logo-Sarasa-Vinho-SQ-512.png\",\"width\":512,\"height\":512,\"caption\":\"Insitituto Saras\u00e1\"},\"image\":{\"@id\":\"https:\\\/\\\/institutosarasa.org\\\/#\\\/schema\\\/logo\\\/image\\\/\"},\"sameAs\":[\"https:\\\/\\\/www.instagram.com\\\/institutosarasa\\\/\",\"https:\\\/\\\/www.linkedin.com\\\/company\\\/instituto-saras\"]}]}<\/script>\n<!-- \/ Yoast SEO plugin. -->","yoast_head_json":{"title":"Where we act - Insitituto Saras\u00e1","robots":{"index":"index","follow":"follow","max-snippet":"max-snippet:-1","max-image-preview":"max-image-preview:large","max-video-preview":"max-video-preview:-1"},"canonical":"https:\/\/institutosarasa.org\/en\/where-we-act\/","og_locale":"en_US","og_type":"article","og_title":"Where we act - Insitituto Saras\u00e1","og_description":"[vc_row full_width=&#8221;stretch_row_content_no_spaces&#8221; row_title=&#8221;faixa colorida&#8221; min_height=&#8221;16&#8243;][vc_column width=&#8221;1\/6&#8243; css=&#8221;.vc_custom_1742342278219{padding-top: 16px !important;background-color: #BF3641 !important;}&#8221; offset=&#8221;vc_col-xs-2&#8243;][\/vc_column][vc_column width=&#8221;1\/6&#8243; css=&#8221;.vc_custom_1742342283643{padding-top: 16px !important;background-color: #A6A04B !important;}&#8221; offset=&#8221;vc_col-xs-2&#8243;][\/vc_column][vc_column width=&#8221;1\/6&#8243; css=&#8221;.vc_custom_1742342289077{padding-top: 16px !important;background-color: #F28D35 !important;}&#8221; offset=&#8221;vc_col-xs-2&#8243;][\/vc_column][vc_column width=&#8221;1\/6&#8243; css=&#8221;.vc_custom_1742342297654{padding-top: 16px !important;background-color: #BF5A1F !important;}&#8221; offset=&#8221;vc_col-xs-2&#8243;][\/vc_column][vc_column width=&#8221;1\/6&#8243; css=&#8221;.vc_custom_1742342302407{padding-top: 16px !important;background-color: #590202 !important;}&#8221; offset=&#8221;vc_col-xs-2&#8243;][\/vc_column][vc_column width=&#8221;1\/6&#8243; css=&#8221;.vc_custom_1742342307029{padding-top: 16px !important;background-color: #821A1C !important;}&#8221; offset=&#8221;vc_col-xs-2&#8243;][\/vc_column][\/vc_row][vc_row][vc_column width=&#8221;1\/4&#8243;][\/vc_column][vc_column width=&#8221;3\/4&#8243;][vc_empty_space][vc_column_text css=&#8221;&#8221;] Our scope also embraces the&hellip;","og_url":"https:\/\/institutosarasa.org\/en\/where-we-act\/","og_site_name":"Insitituto Saras\u00e1","article_modified_time":"2025-10-14T18:21:44+00:00","twitter_card":"summary_large_image","twitter_misc":{"Est. reading time":"2 minutes"},"schema":{"@context":"https:\/\/schema.org","@graph":[{"@type":"WebPage","@id":"https:\/\/institutosarasa.org\/en\/where-we-act\/","url":"https:\/\/institutosarasa.org\/en\/where-we-act\/","name":"Where we act - Insitituto Saras\u00e1","isPartOf":{"@id":"https:\/\/institutosarasa.org\/#website"},"datePublished":"2025-02-20T13:48:06+00:00","dateModified":"2025-10-14T18:21:44+00:00","breadcrumb":{"@id":"https:\/\/institutosarasa.org\/en\/where-we-act\/#breadcrumb"},"inLanguage":"en-US","potentialAction":[{"@type":"ReadAction","target":["https:\/\/institutosarasa.org\/en\/where-we-act\/"]}]},{"@type":"BreadcrumbList","@id":"https:\/\/institutosarasa.org\/en\/where-we-act\/#breadcrumb","itemListElement":[{"@type":"ListItem","position":1,"name":"In\u00edcio","item":"https:\/\/institutosarasa.org\/en\/"},{"@type":"ListItem","position":2,"name":"Where we act"}]},{"@type":"WebSite","@id":"https:\/\/institutosarasa.org\/#website","url":"https:\/\/institutosarasa.org\/","name":"Insitituto Saras\u00e1","description":"","publisher":{"@id":"https:\/\/institutosarasa.org\/#organization"},"potentialAction":[{"@type":"SearchAction","target":{"@type":"EntryPoint","urlTemplate":"https:\/\/institutosarasa.org\/?s={search_term_string}"},"query-input":{"@type":"PropertyValueSpecification","valueRequired":true,"valueName":"search_term_string"}}],"inLanguage":"en-US"},{"@type":"Organization","@id":"https:\/\/institutosarasa.org\/#organization","name":"Insitituto Saras\u00e1","url":"https:\/\/institutosarasa.org\/","logo":{"@type":"ImageObject","inLanguage":"en-US","@id":"https:\/\/institutosarasa.org\/#\/schema\/logo\/image\/","url":"https:\/\/institutosarasa.org\/wp-content\/uploads\/2025\/07\/Logo-Sarasa-Vinho-SQ-512.png","contentUrl":"https:\/\/institutosarasa.org\/wp-content\/uploads\/2025\/07\/Logo-Sarasa-Vinho-SQ-512.png","width":512,"height":512,"caption":"Insitituto Saras\u00e1"},"image":{"@id":"https:\/\/institutosarasa.org\/#\/schema\/logo\/image\/"},"sameAs":["https:\/\/www.instagram.com\/institutosarasa\/","https:\/\/www.linkedin.com\/company\/instituto-saras"]}]}},"publishpress_future_workflow_manual_trigger":{"enabledWorkflows":[]},"_links":{"self":[{"href":"https:\/\/institutosarasa.org\/en\/wp-json\/wp\/v2\/pages\/1612","targetHints":{"allow":["GET"]}}],"collection":[{"href":"https:\/\/institutosarasa.org\/en\/wp-json\/wp\/v2\/pages"}],"about":[{"href":"https:\/\/institutosarasa.org\/en\/wp-json\/wp\/v2\/types\/page"}],"author":[{"embeddable":true,"href":"https:\/\/institutosarasa.org\/en\/wp-json\/wp\/v2\/users\/1"}],"replies":[{"embeddable":true,"href":"https:\/\/institutosarasa.org\/en\/wp-json\/wp\/v2\/comments?post=1612"}],"version-history":[{"count":2,"href":"https:\/\/institutosarasa.org\/en\/wp-json\/wp\/v2\/pages\/1612\/revisions"}],"predecessor-version":[{"id":1614,"href":"https:\/\/institutosarasa.org\/en\/wp-json\/wp\/v2\/pages\/1612\/revisions\/1614"}],"wp:attachment":[{"href":"https:\/\/institutosarasa.org\/en\/wp-json\/wp\/v2\/media?parent=1612"}],"curies":[{"name":"wp","href":"https:\/\/api.w.org\/{rel}","templated":true}]}}